{"id":10,"date":"2015-05-21T11:16:56","date_gmt":"2015-05-21T11:16:56","guid":{"rendered":"http:\/\/localhost\/WP\/worker\/?page_id=10"},"modified":"2024-11-30T21:57:11","modified_gmt":"2024-12-01T03:57:11","slug":"home","status":"publish","type":"page","link":"https:\/\/topnotchautopalatine.com\/pl\/","title":{"rendered":"Home"},"content":{"rendered":"<p><\/p>\n<p style=\"text-align: left;\">\t<!-- Simple Theme Section -->\n\t<section class=\"simple-theme-section\" style=\"background: url(http:\/\/topnotchautopalatine.com\/wp-content\/uploads\/2017\/08\/IMG_20170712_144428.jpg);\">\n\t\t<div class=\"bg-wrapper\">\n\t\t\t<div class=\"container\">\n\t\t\t\t<div class=\"section-header \">\n\t<img decoding=\"async\" src=\"http:\/\/topnotchautopalatine.com\/wp-content\/uploads\/2016\/09\/settings.png\" alt=\"title icon\" \/>\t\t<h1><strong>TOP NOTCH AUTO REPAIR<\/strong><\/h1>\n\t\t<p><\/p>\n\t\t\t<\/div>\n\t<br \/>\n\t<!-- Tabs -->\n\t<div class=\"tabs horizontal-tabs\">\n\t\t\t<!-- Tabs Header -->\n\t<div class=\"heading\">\n\t\t<div class=\"active-tab-indicator\"><\/div>\n\t\t\t<ul>\n\t\t\t\t\t<li>\n\t\t<a href=\"#4\">\n\t\t\t<i class=\"fa fa-wrench fa-4x\"><\/i>\n\t\t\t<p class=\"hidden-xs\"><span>Nasze us\u0142ugi<\/span><br \/>Sprawd\u017a nasze us\u0142ugi<\/p>\n\t\t<\/a>\n\t<\/li>\n\t\t<li>\n\t\t<a href=\"#5\">\n\t\t\t<i class=\"fa fa-clock-o fa-4x\"><\/i>\n\t\t\t<p class=\"hidden-xs\"><span>Godziny otwarcia<\/span><br \/>Sprawd\u017a nasze godziny otwarcia<\/p>\n\t\t<\/a>\n\t<\/li>\n\t\t<li>\n\t\t<a href=\"#6\">\n\t\t\t<i class=\"fa fa-map fa-4x\"><\/i>\n\t\t\t<p class=\"hidden-xs\"><span>Kontakt<\/span><br \/>Zadzwo\u0144 do nas lub odwied\u017a nas warsztat<\/p>\n\t\t<\/a>\n\t<\/li>\n\t\t\t\t<\/ul>\n\t<\/div>\n\t<div class=\"tabs-body\">\t<div class=\"tab\" id=\"4\">\n\t\t<p><\/p>\n<h3 style=\"text-align: center;\">\u015awiadczymy us\u0142ugi przegl\u0105d\u00f3w, konserwacji oraz napraw aut<\/h3>\n<h3 style=\"text-align: center;\">krajowych\u00a0i zagranicznych.<\/h3>\n<p style=\"text-align: left;\"><\/p>\n\t<\/div>\n\t\t<div class=\"tab\" id=\"5\">\n\t\t<p><\/p>\n<h3 style=\"text-align: center;\">Nasz warsztat jest czynny od poniedzia\u0142ku do pi\u0105tku w godzinach od 9:00AM do 5:00PM. W soboty i niedziele warsztat jest zamkni\u0119ty.<\/h3>\n<h3 style=\"text-align: center;\">Wszystkie dodatkowe godziny dost\u0119pne s\u0105 po osobistym um\u00f3wieniu.<\/h3>\n<p style=\"text-align: left;\"><\/p>\n\t<\/div>\n\t\t<div class=\"tab\" id=\"6\">\n\t\t<p><\/p>\n<h3 style=\"text-align: center;\">Mo\u017cesz skontaktowa\u0107 si\u0119 z nami telefonicznie: <strong>847-202-1755<\/strong>\u00a0lub zapraszamy do odwiedzania naszego warsztatu:\u00a0<strong>2200 North Rand Road, Palatine, IL 60074<\/strong>.<\/h3>\n<p style=\"text-align: left;\"><\/p>\n\t<\/div>\n\t<\/div>\t<\/div>\n\t<\/p>\n<p>\t<div class=\"section-header small\">\n\t\t\t<h1>Dlaczego warto nas wybra\u0107?<\/h1>\n\t\t<p>Przeczytaj i sam zdecyduj!<\/p>\n\t\t\t<\/div>\n\t<div class=\"row \">\t<div class=\"col-md-6\">\n\t\t<div class=\"feature\">\n\t\t\t<i class=\"icon fa fa-check\"><\/i>\n\t\t\t<h4><span style=\"color: #ffffff;\">Precyzja<\/span><\/h4>\n\t\t\t<p><\/p>\n\t\t<\/div>\n\t<\/div>\n\t\t<div class=\"col-md-6\">\n\t\t<div class=\"feature\">\n\t\t\t<i class=\"icon fa fa-check\"><\/i>\n\t\t\t<h4><span style=\"color: #ffffff;\">Jako\u015b\u0107<\/span><\/h4>\n\t\t\t<p><\/p>\n\t\t<\/div>\n\t<\/div>\n\t\t<div class=\"col-md-6\">\n\t\t<div class=\"feature\">\n\t\t\t<i class=\"icon fa fa-check\"><\/i>\n\t\t\t<h4><span style=\"color: #ffffff;\">Do\u015bwiadczenie<\/span><\/h4>\n\t\t\t<p><\/p>\n\t\t<\/div>\n\t<\/div>\n\t\t<div class=\"col-md-6\">\n\t\t<div class=\"feature\">\n\t\t\t<i class=\"icon fa fa-check\"><\/i>\n\t\t\t<h4><span style=\"color: #ffffff;\">Ponad 20 lat praktyki<\/span><\/h4>\n\t\t\t<p><\/p>\n\t\t<\/div>\n\t<\/div>\n\t<\/div>\t\t\t<\/div>\n\t\t<\/div>\n\t<\/section>\n\t<\/p>\n\t<!-- Call to action Section -->\n\t<section class=\"call-to-action-section\" style=\"background: #303030;\">\n\t\t<div class=\"container\">\n\t\t\t<div class=\"row\">\n\t\t\t\t<div class=\"col-md-15\">\n\t\t\t\t\t<h1>Potrzebujesz pomocy z autem? Skontaktuj si\u0119 z nami!<\/h1>\n\t\t\t\t<\/div>\n\n\t\t\t\t<div class=\"col-md-9\">\n\t\t\t\t\t<div class=\"buttons\">\n\t\t\t\t\t\t\t<a href=\"http:\/\/topnotchautopalatine.com\/services\" class=\"button worker-button-1\">Nasze us\u0142ugi<\/a>\n\t\t<a href=\"http:\/\/topnotchautopalatine.com\/contact\" class=\"button worker-button-1\">Kontakt<\/a>\n\t\t\t\t\t\t<\/div>\n\t\t\t\t<\/div>\n\t\t\t<\/div>\n\t\t<\/div>\n\t<\/section>\n\t\n<p>\t<div class=\"section-header inverted\">\n\t\t\t<h1>Opinie<\/h1>\n\t\t<p><\/p>\n\t\t\t<\/div>\n\t\n\t<!-- Testimonials -->\n\t<div class=\"testimonials-list\">\n\t\t\t\t<div class=\"testimonial\">\n\t\t\t<p class=\"message\">Great service and good pricing!  A hard-working business owned by a trustworthy man.<\/p>\n\n\t\t\t<div class=\"user\">\n\t\t\t\t<div class=\"avatar\">\n\t\t\t\t\t<img decoding=\"async\" src=\"https:\/\/topnotchautopalatine.com\/wp-content\/uploads\/2016\/12\/user_large_square.png\" alt=\"user avatar\" \/>\n\t\t\t\t<\/div>\n\n\t\t\t\t<p class=\"user-name\">S. F.<\/p>\n\t\t\t\t<p class=\"title\"><\/p>\n\t\t\t<\/div>\n\t\t<\/div>\n\t\t\t\t<div class=\"testimonial\">\n\t\t\t<p class=\"message\">Reliable, trustworthy, quick and the best prices.  My family has been coming here for years.  The entire shop is very professional.  They get straight to the point, inform you what you most definitely need right away, and what you can afford to wait on (unlike other competitors).  I saved so much money on my break system, and couldn't find a better price out there that came even close.  They replaced my brakes and rotors within the hour of me bringing in my car.  Really encourage you to bring your cars here!<\/p>\n\n\t\t\t<div class=\"user\">\n\t\t\t\t<div class=\"avatar\">\n\t\t\t\t\t<img decoding=\"async\" src=\"https:\/\/topnotchautopalatine.com\/wp-content\/uploads\/2016\/12\/ls.jpg\" alt=\"user avatar\" \/>\n\t\t\t\t<\/div>\n\n\t\t\t\t<p class=\"user-name\">Neta P<\/p>\n\t\t\t\t<p class=\"title\"><\/p>\n\t\t\t<\/div>\n\t\t<\/div>\n\t\t\t<\/div>\n<\/p>\n\t\t<!-- Call to action section -->\n\t\t<div class=\"banner-call-to-action\" style=\"background: url(http:\/\/topnotchautopalatine.com\/wp-content\/uploads\/2016\/12\/topnotch.jpg);\">\n\t\t\t<div class=\"bg-wrapper\">\n\t\t\t\t<div class=\"container\">\n\t\t\t\t\t<h1><span>Masz pytanie?<\/span><br \/>Zadzwo\u0144 do nas!<\/h1>\n\t\t\t\t\t\t<a href=\"http:\/\/topnotchautopalatine.com\/contact\" class=\"button worker-button-1\">Kontakt<\/a>\n\t\t\t\t\t<\/div>\n\t\t\t<\/div>\n\t\t<\/div>\n\t\n<p>\t\t<form class=\"subscribe-form\" id=\"newsletter\" method=\"post\" data-tt-subscription>\n\t\t\t<input class=\"input-line js-input\" type=\"text\" name=\"email\" placeholder=\"Newsletter subscribe\"  data-tt-subscription-required data-tt-subscription-type=\"email\"\/>\n\t\t\t<div class=\"result-container\"><\/div>\n\t\t\t<input class=\"submit\" type=\"submit\" value=\"Subscribe\"\/>\n\t\t<\/form>\n\t<\/p>","protected":false},"excerpt":{"rendered":"","protected":false},"author":6,"featured_media":0,"parent":0,"menu_order":1,"comment_status":"closed","ping_status":"closed","template":"clean-template.php","meta":{"footnotes":""},"class_list":["post-10","page","type-page","status-publish","hentry"],"_links":{"self":[{"href":"https:\/\/topnotchautopalatine.com\/pl\/wp-json\/wp\/v2\/pages\/10","targetHints":{"allow":["GET"]}}],"collection":[{"href":"https:\/\/topnotchautopalatine.com\/pl\/wp-json\/wp\/v2\/pages"}],"about":[{"href":"https:\/\/topnotchautopalatine.com\/pl\/wp-json\/wp\/v2\/types\/page"}],"author":[{"embeddable":true,"href":"https:\/\/topnotchautopalatine.com\/pl\/wp-json\/wp\/v2\/users\/6"}],"replies":[{"embeddable":true,"href":"https:\/\/topnotchautopalatine.com\/pl\/wp-json\/wp\/v2\/comments?post=10"}],"version-history":[{"count":69,"href":"https:\/\/topnotchautopalatine.com\/pl\/wp-json\/wp\/v2\/pages\/10\/revisions"}],"predecessor-version":[{"id":718,"href":"https:\/\/topnotchautopalatine.com\/pl\/wp-json\/wp\/v2\/pages\/10\/revisions\/718"}],"wp:attachment":[{"href":"https:\/\/topnotchautopalatine.com\/pl\/wp-json\/wp\/v2\/media?parent=10"}],"curies":[{"name":"wp","href":"https:\/\/api.w.org\/{rel}","templated":true}]}}