{"id":43,"date":"2015-05-22T14:37:26","date_gmt":"2015-05-22T14:37:26","guid":{"rendered":"http:\/\/localhost\/WP\/worker\/?page_id=43"},"modified":"2023-06-29T19:55:48","modified_gmt":"2023-06-30T00:55:48","slug":"contact","status":"publish","type":"page","link":"https:\/\/topnotchautopalatine.com\/pl\/contact\/","title":{"rendered":"Kontakt"},"content":{"rendered":"<p><\/p>\n<h3 style=\"text-align: center;\">Godziny otwarcia:<br \/>\nPoniedzia\u0142ek \u2013 Pi\u0105tek \u2013 9:00AM \u2013 5:00PM<br \/>\nSobota, Niedziela &#8211; Zamkni\u0119te<br \/>\nWszystkie dodatkowe godziny dost\u0119pne s\u0105 po osobistym um\u00f3wieniu.<\/h3>\n<p>&nbsp;<\/p>\n<div class=\"contact-info\">\n<div class=\"container\">\n<div class=\"row\">\n<div class=\"col-sm-8\">\n<div class=\"contact-info-block\"><i class=\"icon icon-phone2\"><\/i><\/p>\n<h3>Phone<\/h3>\n<p>847-202-1755<\/p>\n<\/div>\n<\/div>\n<div class=\"col-sm-8\">\n<div class=\"contact-info-block\"><i class=\"icon icon-location2\"><\/i><\/p>\n<h3>Location<\/h3>\n<p>2200 North Rand Road, Palatine, IL 60074<\/p>\n<\/div>\n<\/div>\n<\/div>\n<\/div>\n<\/div>\n<p><center><iframe loading=\"lazy\" src=\"https:\/\/www.google.com\/maps\/embed?pb=!1m18!1m12!1m3!1d2958.0341554508277!2d-88.03653127614703!3d42.1495559136843!2m3!1f0!2f0!3f0!3m2!1i1024!2i768!4f13.1!3m3!1m2!1s0x0%3A0xff19446e1eec43d7!2sTop+Notch+Auto+Repair!5e0!3m2!1spl!2sus!4v1481986259695\" width=\"1050\" height=\"600\" frameborder=\"0\" style=\"border:0\" allowfullscreen><\/iframe><\/center><\/p>","protected":false},"excerpt":{"rendered":"<p>Godziny otwarcia: Poniedzia\u0142ek \u2013 Pi\u0105tek \u2013 9:00AM \u2013 5:00PM Sobota, Niedziela &#8211; Zamkni\u0119te Wszystkie dodatkowe godziny dost\u0119pne s\u0105 po osobistym um\u00f3wieniu. &nbsp; Phone 847-202-1755 Location 2200 North Rand Road, Palatine, IL 60074<\/p>\n","protected":false},"author":6,"featured_media":0,"parent":0,"menu_order":4,"comment_status":"closed","ping_status":"open","template":"","meta":{"footnotes":""},"class_list":["post-43","page","type-page","status-publish","hentry"],"_links":{"self":[{"href":"https:\/\/topnotchautopalatine.com\/pl\/wp-json\/wp\/v2\/pages\/43","targetHints":{"allow":["GET"]}}],"collection":[{"href":"https:\/\/topnotchautopalatine.com\/pl\/wp-json\/wp\/v2\/pages"}],"about":[{"href":"https:\/\/topnotchautopalatine.com\/pl\/wp-json\/wp\/v2\/types\/page"}],"author":[{"embeddable":true,"href":"https:\/\/topnotchautopalatine.com\/pl\/wp-json\/wp\/v2\/users\/6"}],"replies":[{"embeddable":true,"href":"https:\/\/topnotchautopalatine.com\/pl\/wp-json\/wp\/v2\/comments?post=43"}],"version-history":[{"count":20,"href":"https:\/\/topnotchautopalatine.com\/pl\/wp-json\/wp\/v2\/pages\/43\/revisions"}],"predecessor-version":[{"id":713,"href":"https:\/\/topnotchautopalatine.com\/pl\/wp-json\/wp\/v2\/pages\/43\/revisions\/713"}],"wp:attachment":[{"href":"https:\/\/topnotchautopalatine.com\/pl\/wp-json\/wp\/v2\/media?parent=43"}],"curies":[{"name":"wp","href":"https:\/\/api.w.org\/{rel}","templated":true}]}}