{"id":569,"date":"2016-09-06T08:45:26","date_gmt":"2016-09-06T13:45:26","guid":{"rendered":"http:\/\/topnotchautopalatine.com\/?page_id=569"},"modified":"2017-08-16T21:19:56","modified_gmt":"2017-08-17T02:19:56","slug":"about","status":"publish","type":"page","link":"https:\/\/topnotchautopalatine.com\/pl\/about\/","title":{"rendered":"O nas"},"content":{"rendered":"<p><\/p>\n<p style=\"text-align: center;\"><span style=\"color: #000000;\">Warsztat Top Notch Auto Repair w Palatine, IL zosta\u0142 za\u0142o\u017cony w 1996 roku.<\/span><\/p>\n<p style=\"text-align: center;\"><span style=\"color: #000000;\">W Top Notch Auto Naprawa priorytetem naszej dzia\u0142alno\u015bci jest zapewnianie naszym klientom szczerych odpowiedzi i najwy\u017cszej jako\u015bci us\u0142ug. Posiadamy r\u00f3wnie\u017c najnowocze\u015bniejsze narz\u0119dzia i urz\u0105dzenia oraz wieloletnie do\u015bwiadcznie, dzi\u0119ki kt\u00f3rym szybko\u00a0mo\u017cemy zdiagnozowa\u0107 i dokona\u0107 niezb\u0119dnych napraw.<\/span><\/p>\n<p style=\"text-align: center;\"><span style=\"color: #000000;\">Jeste\u015bmy bardzo dumni z tego, \u017ce znaczna cz\u0119\u015b\u0107 naszego biznesu pochodzi z polece\u0144\u00a0naszych\u00a0klient\u00f3w, kt\u00f3rzy zaufali nam i polecaj\u0105 nas\u00a0swoim przyjacio\u0142om i rodzinom. Jest to najlepszy przyk\u0142ad wynagradzania naszej\u00a0ci\u0119\u017ckiej pracy.<\/span><\/p>\n<p style=\"text-align: center;\"><span style=\"color: #000000;\">Nasz\u0105 dzia\u0142alno\u015b\u0107 prowadzimy nie tylko w spos\u00f3b przyjazny dla rodziny, ale tak\u017ce z lojalno\u015bci\u0105, uczciwo\u015bci\u0105 i rzetelno\u015bci\u0105 w stosunku do klient\u00f3w. Kiedy zadzwonisz lub odwiedzisz nasz warsztat, za ka\u017cdym razem znajdziesz u nas uprzejme i pomocne osoby z ogromn\u0105\u00a0wiedz\u0105 motoryzacyjn\u0105 i ciep\u0142\u0105 przyjazn\u0105 atmosfer\u0119.<\/span><img loading=\"lazy\" decoding=\"async\" class=\"aligncenter wp-image-685 size-large\" src=\"http:\/\/topnotchautopalatine.com\/wp-content\/uploads\/2017\/08\/IMG_20170712_144428.jpg\" width=\"1024\" height=\"768\" \/><\/p>\n<p><\/p>","protected":false},"excerpt":{"rendered":"<p>Warsztat Top Notch Auto Repair w Palatine, IL zosta\u0142 za\u0142o\u017cony w 1996 roku. W Top Notch Auto Naprawa priorytetem naszej dzia\u0142alno\u015bci jest zapewnianie naszym klientom szczerych odpowiedzi i najwy\u017cszej jako\u015bci us\u0142ug. Posiadamy r\u00f3wnie\u017c najnowocze\u015bniejsze narz\u0119dzia i urz\u0105dzenia oraz wieloletnie do\u015bwiadcznie, dzi\u0119ki kt\u00f3rym szybko\u00a0mo\u017cemy zdiagnozowa\u0107 i dokona\u0107 niezb\u0119dnych napraw. Jeste\u015bmy bardzo dumni z tego, \u017ce znaczna [&hellip;]<\/p>\n","protected":false},"author":2,"featured_media":0,"parent":0,"menu_order":3,"comment_status":"closed","ping_status":"closed","template":"","meta":{"footnotes":""},"class_list":["post-569","page","type-page","status-publish","hentry"],"_links":{"self":[{"href":"https:\/\/topnotchautopalatine.com\/pl\/wp-json\/wp\/v2\/pages\/569","targetHints":{"allow":["GET"]}}],"collection":[{"href":"https:\/\/topnotchautopalatine.com\/pl\/wp-json\/wp\/v2\/pages"}],"about":[{"href":"https:\/\/topnotchautopalatine.com\/pl\/wp-json\/wp\/v2\/types\/page"}],"author":[{"embeddable":true,"href":"https:\/\/topnotchautopalatine.com\/pl\/wp-json\/wp\/v2\/users\/2"}],"replies":[{"embeddable":true,"href":"https:\/\/topnotchautopalatine.com\/pl\/wp-json\/wp\/v2\/comments?post=569"}],"version-history":[{"count":10,"href":"https:\/\/topnotchautopalatine.com\/pl\/wp-json\/wp\/v2\/pages\/569\/revisions"}],"predecessor-version":[{"id":694,"href":"https:\/\/topnotchautopalatine.com\/pl\/wp-json\/wp\/v2\/pages\/569\/revisions\/694"}],"wp:attachment":[{"href":"https:\/\/topnotchautopalatine.com\/pl\/wp-json\/wp\/v2\/media?parent=569"}],"curies":[{"name":"wp","href":"https:\/\/api.w.org\/{rel}","templated":true}]}}