{"id":571,"date":"2016-09-06T08:45:44","date_gmt":"2016-09-06T13:45:44","guid":{"rendered":"http:\/\/topnotchautopalatine.com\/?page_id=571"},"modified":"2016-09-08T14:36:18","modified_gmt":"2016-09-08T19:36:18","slug":"services","status":"publish","type":"page","link":"https:\/\/topnotchautopalatine.com\/pl\/services\/","title":{"rendered":"Us\u0142ugi"},"content":{"rendered":"<p><\/p>\n<h3 style=\"text-align: center;\"><strong>\u015awiadczymy us\u0142ugi przegl\u0105d\u00f3w, konserwacji oraz napraw:<\/strong><\/h3>\n<p>&nbsp;<\/p>\n<ul style=\"float: left; width: 250px;\">\n<li>Klimatyzacji<\/li>\n<li>Alternator\u00f3w<\/li>\n<li>System\u00f3w ABS<\/li>\n<li>Akumulator\u00f3w<\/li>\n<li>Pask\u00f3w i w\u0119\u017cy<\/li>\n<li>Hamulc\u00f3w<\/li>\n<li>Katalizator\u00f3w<\/li>\n<li>Diagnostyka i naprawa kontrolek Check Engine<\/li>\n<li>Osi nap\u0119dowych<\/li>\n<li>Naprawy emisji spalin<\/li>\n<li>Wydech\u00f3w i t\u0142umik\u00f3w<\/li>\n<li>Czyszczenia system\u00f3w wtrysku<\/li>\n<li>System\u00f3w ogrzewania<\/li>\n<li>Wymiana oleju<\/li>\n<li>Szyb i drzwi elektrycznych<\/li>\n<\/ul>\n<ul style=\"float: left; width: 270px;\">\n<li>Ch\u0142odnic<\/li>\n<li>Przegl\u0105d\u00f3w okresowych<\/li>\n<li>Starter\u00f3w<\/li>\n<li>Uk\u0142adu sterowania<\/li>\n<li>Zawieszenia<\/li>\n<li>Pask\u00f3w rozrz\u0105du<\/li>\n<li>Systemy monitorowania ci\u015bnienia w oponach (TPMS)<\/li>\n<li>Napraw opon<\/li>\n<li>Skrzyni bieg\u00f3w<\/li>\n<li>Dostrajania<\/li>\n<li>U-joints<\/li>\n<li>Pompy wodne<\/li>\n<li>Wywa\u017cania k\u00f3\u0142<\/li>\n<li>\u0141o\u017cysk<\/li>\n<\/ul>\n<p><\/p>","protected":false},"excerpt":{"rendered":"<p>\u015awiadczymy us\u0142ugi przegl\u0105d\u00f3w, konserwacji oraz napraw: &nbsp; Klimatyzacji Alternator\u00f3w System\u00f3w ABS Akumulator\u00f3w Pask\u00f3w i w\u0119\u017cy Hamulc\u00f3w Katalizator\u00f3w Diagnostyka i naprawa kontrolek Check Engine Osi nap\u0119dowych Naprawy emisji spalin Wydech\u00f3w i t\u0142umik\u00f3w Czyszczenia system\u00f3w wtrysku System\u00f3w ogrzewania Wymiana oleju Szyb i drzwi elektrycznych Ch\u0142odnic Przegl\u0105d\u00f3w okresowych Starter\u00f3w Uk\u0142adu sterowania Zawieszenia Pask\u00f3w rozrz\u0105du Systemy monitorowania ci\u015bnienia w [&hellip;]<\/p>\n","protected":false},"author":2,"featured_media":0,"parent":0,"menu_order":2,"comment_status":"closed","ping_status":"closed","template":"","meta":{"footnotes":""},"class_list":["post-571","page","type-page","status-publish","hentry"],"_links":{"self":[{"href":"https:\/\/topnotchautopalatine.com\/pl\/wp-json\/wp\/v2\/pages\/571","targetHints":{"allow":["GET"]}}],"collection":[{"href":"https:\/\/topnotchautopalatine.com\/pl\/wp-json\/wp\/v2\/pages"}],"about":[{"href":"https:\/\/topnotchautopalatine.com\/pl\/wp-json\/wp\/v2\/types\/page"}],"author":[{"embeddable":true,"href":"https:\/\/topnotchautopalatine.com\/pl\/wp-json\/wp\/v2\/users\/2"}],"replies":[{"embeddable":true,"href":"https:\/\/topnotchautopalatine.com\/pl\/wp-json\/wp\/v2\/comments?post=571"}],"version-history":[{"count":15,"href":"https:\/\/topnotchautopalatine.com\/pl\/wp-json\/wp\/v2\/pages\/571\/revisions"}],"predecessor-version":[{"id":664,"href":"https:\/\/topnotchautopalatine.com\/pl\/wp-json\/wp\/v2\/pages\/571\/revisions\/664"}],"wp:attachment":[{"href":"https:\/\/topnotchautopalatine.com\/pl\/wp-json\/wp\/v2\/media?parent=571"}],"curies":[{"name":"wp","href":"https:\/\/api.w.org\/{rel}","templated":true}]}}